{"id":31,"date":"2015-05-27T23:21:56","date_gmt":"2015-05-27T21:21:56","guid":{"rendered":"http:\/\/www.zssanatoriumedelzh.cz\/?page_id=31"},"modified":"2026-05-05T14:21:17","modified_gmt":"2026-05-05T12:21:17","slug":"kontakty","status":"publish","type":"page","link":"https:\/\/www.zssanatoriumedelzh.cz\/?page_id=31","title":{"rendered":"Kontakty"},"content":{"rendered":"<h3 style=\"text-align: center;\"><\/h3>\n<h3 style=\"text-align: center;\"><\/h3>\n<h3 style=\"text-align: center;\">Kontakty<\/h3>\n<h5 style=\"text-align: left;\">\u00a0\u00a0[wpgmza id=&#8220;1&#8243;]<\/h5>\n<h5 style=\"text-align: center;\">Z\u00e1kladn\u00ed a Mate\u0159sk\u00e1 \u0161kola p\u0159i \u00a0Sanatoriu Edel\u00a0 Zlat\u00e9 Hory<br \/>\nL\u00e1ze\u0148sk\u00e1 491, 793 76 Zlat\u00e9<br \/>\nI\u010cO: \u00a068911947<br \/>\ntel.: 584 425 239, 601 593 549<br \/>\nID: umwfdq5<br \/>\ne-mail:\u00a0zs@speleoterapie.cz<br \/>\nwww.zssantoriumedelzh.cz<\/h5>\n<p style=\"text-align: center;\">\u0160kola je od roku 2000 pr\u00e1vn\u00edm subjektem, nem\u00e1 vlastn\u00ed budovu \u2013 vzhledem\u00a0 k l\u00e9\u010debn\u011b je v n\u00e1jemn\u00edm vztahu.<\/p>\n<p style=\"text-align: center;\"><strong>\u0158editelka \u0161koly:\u00a0<\/strong>Mgr. Jaroslava PAT\u00c1KOV\u00c1 \u2013 zs1@speleoterapie.<\/p>\n<p style=\"text-align: center;\"><strong>Ekonomick\u00e1 pracovnice:\u00a0<\/strong>Libu\u0161e Za\u010dalov\u00e1 \u2013 zs2@speleoterapie.cz<\/p>\n<h4 style=\"text-align: center;\">\u00a0U\u010cITELSK\u00dd SBOR<\/h4>\n<h4 style=\"text-align: center;\">Z\u0160:<\/h4>\n<p style=\"text-align: center;\">p. u\u010d. Mgr. Lucie Rykalov\u00e1, DiS. \u2013 lucierykalova.zsedel@seznam.cz<\/p>\n<p style=\"text-align: center;\">p. u\u010d. Mgr. Alena O\u0161kerov\u00e1 \u2013 alenaoskerova.zsedel@seznam.cz<\/p>\n<p style=\"text-align: center;\">p. u\u010d. \u017daneta Fuskov\u00e1 \u2013\u00a0zanetafuskova.zsedel@seznam.cz<\/p>\n<h4 style=\"text-align: center;\">M\u0160:<\/h4>\n<p style=\"text-align: center;\">p. u\u010d. Eva Kotrisov\u00e1\u00a0 \u2013\u00a0 EvaKotrisova@seznam.cz<\/p>\n<p style=\"text-align: center;\">p. u\u010d. Bc.\u00a0Lucie Bili\u010dkov\u00e1 \u2013 lucabilhorn@seznam.cz<\/p>\n<p style=\"text-align: center;\">\n","protected":false},"excerpt":{"rendered":"<p>Kontakty \u00a0\u00a0[wpgmza id=&#8220;1&#8243;] Z\u00e1kladn\u00ed a Mate\u0159sk\u00e1 \u0161kola p\u0159i \u00a0Sanatoriu Edel\u00a0 Zlat\u00e9 Hory L\u00e1ze\u0148sk\u00e1 491, 793 76 Zlat\u00e9 I\u010cO: \u00a068911947 tel.: 584 425 239, 601 593 549 ID: umwfdq5 e-mail:\u00a0zs@speleoterapie.cz www.zssantoriumedelzh.cz \u0160kola je od roku 2000 pr\u00e1vn\u00edm subjektem, nem\u00e1 vlastn\u00ed budovu \u2013 vzhledem\u00a0 k l\u00e9\u010debn\u011b je v n\u00e1jemn\u00edm vztahu. \u0158editelka \u0161koly:\u00a0Mgr. Jaroslava PAT\u00c1KOV\u00c1 \u2013 zs1@speleoterapie. Ekonomick\u00e1 [&hellip;]<\/p>\n","protected":false},"author":1,"featured_media":0,"parent":0,"menu_order":0,"comment_status":"closed","ping_status":"open","template":"","meta":{"footnotes":""},"class_list":["post-31","page","type-page","status-publish","hentry"],"_links":{"self":[{"href":"https:\/\/www.zssanatoriumedelzh.cz\/index.php?rest_route=\/wp\/v2\/pages\/31","targetHints":{"allow":["GET"]}}],"collection":[{"href":"https:\/\/www.zssanatoriumedelzh.cz\/index.php?rest_route=\/wp\/v2\/pages"}],"about":[{"href":"https:\/\/www.zssanatoriumedelzh.cz\/index.php?rest_route=\/wp\/v2\/types\/page"}],"author":[{"embeddable":true,"href":"https:\/\/www.zssanatoriumedelzh.cz\/index.php?rest_route=\/wp\/v2\/users\/1"}],"replies":[{"embeddable":true,"href":"https:\/\/www.zssanatoriumedelzh.cz\/index.php?rest_route=%2Fwp%2Fv2%2Fcomments&post=31"}],"version-history":[{"count":36,"href":"https:\/\/www.zssanatoriumedelzh.cz\/index.php?rest_route=\/wp\/v2\/pages\/31\/revisions"}],"predecessor-version":[{"id":3983,"href":"https:\/\/www.zssanatoriumedelzh.cz\/index.php?rest_route=\/wp\/v2\/pages\/31\/revisions\/3983"}],"wp:attachment":[{"href":"https:\/\/www.zssanatoriumedelzh.cz\/index.php?rest_route=%2Fwp%2Fv2%2Fmedia&parent=31"}],"curies":[{"name":"wp","href":"https:\/\/api.w.org\/{rel}","templated":true}]}}