{"id":52,"date":"2015-05-27T23:57:42","date_gmt":"2015-05-27T21:57:42","guid":{"rendered":"http:\/\/www.zssanatoriumedelzh.cz\/?page_id=52"},"modified":"2025-10-27T14:06:40","modified_gmt":"2025-10-27T13:06:40","slug":"dokumenty","status":"publish","type":"page","link":"https:\/\/www.zssanatoriumedelzh.cz\/?page_id=52","title":{"rendered":"Dokumenty"},"content":{"rendered":"\n<figure class=\"wp-block-gallery has-nested-images columns-3 is-cropped wp-block-gallery-1 is-layout-flex wp-block-gallery-is-layout-flex\">\n<figure class=\"wp-block-image size-large\"><a href=\"https:\/\/www.zssanatoriumedelzh.cz\/wp-content\/uploads\/2025\/10\/Skolni-rad-ZS.docx\"><img loading=\"lazy\" decoding=\"async\" width=\"800\" height=\"600\" data-id=\"2121\" src=\"https:\/\/www.zssanatoriumedelzh.cz\/wp-content\/uploads\/2018\/02\/\u0160KOLN\u00cd_\u0158AD-1.png\" alt=\"\" class=\"wp-image-2121\" srcset=\"https:\/\/www.zssanatoriumedelzh.cz\/wp-content\/uploads\/2018\/02\/\u0160KOLN\u00cd_\u0158AD-1.png 800w, https:\/\/www.zssanatoriumedelzh.cz\/wp-content\/uploads\/2018\/02\/\u0160KOLN\u00cd_\u0158AD-1-300x225.png 300w, https:\/\/www.zssanatoriumedelzh.cz\/wp-content\/uploads\/2018\/02\/\u0160KOLN\u00cd_\u0158AD-1-768x576.png 768w\" sizes=\"auto, (max-width: 800px) 100vw, 800px\" \/><\/a><\/figure>\n\n\n\n<figure class=\"wp-block-image size-large\"><a href=\"https:\/\/www.zssanatoriumedelzh.cz\/wp-content\/uploads\/2025\/10\/Skolni-rad-MS.docx\"><img loading=\"lazy\" decoding=\"async\" width=\"800\" height=\"600\" data-id=\"2120\" src=\"https:\/\/www.zssanatoriumedelzh.cz\/wp-content\/uploads\/2018\/02\/m\u0161.png\" alt=\"\" class=\"wp-image-2120\" srcset=\"https:\/\/www.zssanatoriumedelzh.cz\/wp-content\/uploads\/2018\/02\/m\u0161.png 800w, https:\/\/www.zssanatoriumedelzh.cz\/wp-content\/uploads\/2018\/02\/m\u0161-300x225.png 300w, https:\/\/www.zssanatoriumedelzh.cz\/wp-content\/uploads\/2018\/02\/m\u0161-768x576.png 768w\" sizes=\"auto, (max-width: 800px) 100vw, 800px\" \/><\/a><\/figure>\n\n\n\n<figure class=\"wp-block-image size-large\"><a href=\"https:\/\/www.zssanatoriumedelzh.cz\/wp-content\/uploads\/2025\/10\/Plan-EVVO-2025-2028.docx\"><img loading=\"lazy\" decoding=\"async\" width=\"800\" height=\"600\" data-id=\"2116\" src=\"https:\/\/www.zssanatoriumedelzh.cz\/wp-content\/uploads\/2018\/02\/PLANEVVO.png\" alt=\"\" class=\"wp-image-2116\" srcset=\"https:\/\/www.zssanatoriumedelzh.cz\/wp-content\/uploads\/2018\/02\/PLANEVVO.png 800w, https:\/\/www.zssanatoriumedelzh.cz\/wp-content\/uploads\/2018\/02\/PLANEVVO-300x225.png 300w, https:\/\/www.zssanatoriumedelzh.cz\/wp-content\/uploads\/2018\/02\/PLANEVVO-768x576.png 768w\" sizes=\"auto, (max-width: 800px) 100vw, 800px\" \/><\/a><\/figure>\n\n\n\n<figure class=\"wp-block-image size-large\"><a href=\"https:\/\/www.zssanatoriumedelzh.cz\/wp-content\/uploads\/2025\/10\/SVP-ZS-od-1.9.-2023.doc\"><img loading=\"lazy\" decoding=\"async\" width=\"800\" height=\"600\" data-id=\"3896\" src=\"https:\/\/www.zssanatoriumedelzh.cz\/wp-content\/uploads\/2025\/10\/svpzs-1.png\" alt=\"\" class=\"wp-image-3896\" srcset=\"https:\/\/www.zssanatoriumedelzh.cz\/wp-content\/uploads\/2025\/10\/svpzs-1.png 800w, https:\/\/www.zssanatoriumedelzh.cz\/wp-content\/uploads\/2025\/10\/svpzs-1-300x225.png 300w, https:\/\/www.zssanatoriumedelzh.cz\/wp-content\/uploads\/2025\/10\/svpzs-1-768x576.png 768w\" sizes=\"auto, (max-width: 800px) 100vw, 800px\" \/><\/a><\/figure>\n\n\n\n<figure class=\"wp-block-image size-large\"><a href=\"https:\/\/www.zssanatoriumedelzh.cz\/wp-content\/uploads\/2025\/10\/SVP-MS-2021.docx\"><img loading=\"lazy\" decoding=\"async\" width=\"800\" height=\"600\" data-id=\"3897\" src=\"https:\/\/www.zssanatoriumedelzh.cz\/wp-content\/uploads\/2025\/10\/SVPZS.png\" alt=\"\" class=\"wp-image-3897\" srcset=\"https:\/\/www.zssanatoriumedelzh.cz\/wp-content\/uploads\/2025\/10\/SVPZS.png 800w, https:\/\/www.zssanatoriumedelzh.cz\/wp-content\/uploads\/2025\/10\/SVPZS-300x225.png 300w, https:\/\/www.zssanatoriumedelzh.cz\/wp-content\/uploads\/2025\/10\/SVPZS-768x576.png 768w\" sizes=\"auto, (max-width: 800px) 100vw, 800px\" \/><\/a><\/figure>\n\n\n\n<figure class=\"wp-block-image size-large\"><a href=\"https:\/\/www.zssanatoriumedelzh.cz\/wp-content\/uploads\/2025\/10\/koncepce-2020-2025.docx\"><img loading=\"lazy\" decoding=\"async\" width=\"800\" height=\"600\" data-id=\"3902\" src=\"https:\/\/www.zssanatoriumedelzh.cz\/wp-content\/uploads\/2025\/10\/koncepce.png\" alt=\"\" class=\"wp-image-3902\" srcset=\"https:\/\/www.zssanatoriumedelzh.cz\/wp-content\/uploads\/2025\/10\/koncepce.png 800w, https:\/\/www.zssanatoriumedelzh.cz\/wp-content\/uploads\/2025\/10\/koncepce-300x225.png 300w, https:\/\/www.zssanatoriumedelzh.cz\/wp-content\/uploads\/2025\/10\/koncepce-768x576.png 768w\" sizes=\"auto, (max-width: 800px) 100vw, 800px\" \/><\/a><\/figure>\n<\/figure>\n\n\n<div class=\"wp-block-image\">\n<figure class=\"alignleft size-full is-resized\"><a href=\"https:\/\/www.zssanatoriumedelzh.cz\/wp-content\/uploads\/2025\/10\/Vyrocni-zprava-24-25.pdf\"><img loading=\"lazy\" decoding=\"async\" width=\"800\" height=\"600\" src=\"https:\/\/www.zssanatoriumedelzh.cz\/wp-content\/uploads\/2025\/10\/vyzr.png\" alt=\"\" class=\"wp-image-3904\" style=\"width:327px;height:auto\" srcset=\"https:\/\/www.zssanatoriumedelzh.cz\/wp-content\/uploads\/2025\/10\/vyzr.png 800w, https:\/\/www.zssanatoriumedelzh.cz\/wp-content\/uploads\/2025\/10\/vyzr-300x225.png 300w, https:\/\/www.zssanatoriumedelzh.cz\/wp-content\/uploads\/2025\/10\/vyzr-768x576.png 768w\" sizes=\"auto, (max-width: 800px) 100vw, 800px\" \/><\/a><\/figure>\n<\/div>","protected":false},"excerpt":{"rendered":"","protected":false},"author":1,"featured_media":0,"parent":0,"menu_order":0,"comment_status":"closed","ping_status":"open","template":"","meta":{"footnotes":""},"class_list":["post-52","page","type-page","status-publish","hentry"],"_links":{"self":[{"href":"https:\/\/www.zssanatoriumedelzh.cz\/index.php?rest_route=\/wp\/v2\/pages\/52","targetHints":{"allow":["GET"]}}],"collection":[{"href":"https:\/\/www.zssanatoriumedelzh.cz\/index.php?rest_route=\/wp\/v2\/pages"}],"about":[{"href":"https:\/\/www.zssanatoriumedelzh.cz\/index.php?rest_route=\/wp\/v2\/types\/page"}],"author":[{"embeddable":true,"href":"https:\/\/www.zssanatoriumedelzh.cz\/index.php?rest_route=\/wp\/v2\/users\/1"}],"replies":[{"embeddable":true,"href":"https:\/\/www.zssanatoriumedelzh.cz\/index.php?rest_route=%2Fwp%2Fv2%2Fcomments&post=52"}],"version-history":[{"count":118,"href":"https:\/\/www.zssanatoriumedelzh.cz\/index.php?rest_route=\/wp\/v2\/pages\/52\/revisions"}],"predecessor-version":[{"id":3940,"href":"https:\/\/www.zssanatoriumedelzh.cz\/index.php?rest_route=\/wp\/v2\/pages\/52\/revisions\/3940"}],"wp:attachment":[{"href":"https:\/\/www.zssanatoriumedelzh.cz\/index.php?rest_route=%2Fwp%2Fv2%2Fmedia&parent=52"}],"curies":[{"name":"wp","href":"https:\/\/api.w.org\/{rel}","templated":true}]}}